{"id":12596,"date":"2025-01-31T22:59:16","date_gmt":"2025-01-31T22:59:16","guid":{"rendered":"https:\/\/www.makewonder.com\/?page_id=12596"},"modified":"2025-02-03T19:00:07","modified_gmt":"2025-02-03T19:00:07","slug":"blockly-pro","status":"publish","type":"page","link":"http:\/\/www.makewonder.com\/cs\/apps\/blockly-pro\/","title":{"rendered":"Blockly Pro"},"content":{"rendered":"<div data-elementor-type=\"wp-page\" data-elementor-id=\"12596\" class=\"elementor elementor-12596\" data-elementor-post-type=\"page\">\n\t\t\t\t<div class=\"elementor-element elementor-element-6088f0e7 animated-slow e-flex e-con-boxed elementor-invisible e-con e-parent\" data-id=\"6088f0e7\" data-element_type=\"container\" data-settings=\"{&quot;animation&quot;:&quot;fadeIn&quot;,&quot;animation_delay&quot;:400,&quot;background_background&quot;:&quot;classic&quot;}\">\n\t\t\t\t\t<div class=\"e-con-inner\">\n\t\t<div class=\"elementor-element elementor-element-52598047 e-con-full e-flex e-con e-child\" data-id=\"52598047\" data-element_type=\"container\">\n\t\t\t\t<div class=\"elementor-element elementor-element-1a3e5ae exad-sticky-section-no exad-glass-effect-no elementor-widget elementor-widget-image\" data-id=\"1a3e5ae\" data-element_type=\"widget\" data-widget_type=\"image.default\">\n\t\t\t\t<div class=\"elementor-widget-container\">\n\t\t\t\t\t\t\t\t\t\t\t\t\t\t\t<img decoding=\"async\" src=\"https:\/\/www.makewonder.com\/wp-content\/uploads\/elementor\/thumbs\/app_icons_blocklypro-qbvyfopbcgp21mad7ehq8fot3oactr3p0xvdolxibk.png\" title=\"app_icons_blocklypro\" alt=\"app_icons_blocklypro\" loading=\"lazy\" \/>\t\t\t\t\t\t\t\t\t\t\t\t\t\t\t<\/div>\n\t\t\t\t<\/div>\n\t\t\t\t<div class=\"elementor-element elementor-element-733ce36c exad-sticky-section-no exad-glass-effect-no elementor-widget elementor-widget-heading\" data-id=\"733ce36c\" data-element_type=\"widget\" data-widget_type=\"heading.default\">\n\t\t\t\t<div class=\"elementor-widget-container\">\n\t\t\t\t\t<h2 class=\"elementor-heading-title elementor-size-default\">Blockly Pro<\/h2>\t\t\t\t<\/div>\n\t\t\t\t<\/div>\n\t\t\t\t<div class=\"elementor-element elementor-element-58b17be3 exad-sticky-section-no exad-glass-effect-no elementor-widget elementor-widget-text-editor\" data-id=\"58b17be3\" data-element_type=\"widget\" data-widget_type=\"text-editor.default\">\n\t\t\t\t<div class=\"elementor-widget-container\">\n\t\t\t\t\t\t\t\t\t<div class=\"l-col\"><article>Blockly Pro is our web-based coding app that enables students to transition from Block-based coding to JavaScript coding while still powering Dash.<\/article><p>\u00a0<\/p><p>Blockly Pro is available at <a href=\"https:\/\/code.makewonder.com\/blocklypro\/#\/\">code.makewonder.com<\/a> to students who are connected to a paid Make Wonder account.<\/p><\/div>\t\t\t\t\t\t\t\t<\/div>\n\t\t\t\t<\/div>\n\t\t\t\t<\/div>\n\t\t\t\t\t<\/div>\n\t\t\t\t<\/div>\n\t\t<div class=\"elementor-element elementor-element-384cb0cc e-flex e-con-boxed e-con e-parent\" data-id=\"384cb0cc\" data-element_type=\"container\" data-settings=\"{&quot;background_background&quot;:&quot;classic&quot;}\">\n\t\t\t\t\t<div class=\"e-con-inner\">\n\t\t\t\t<div class=\"elementor-element elementor-element-f070625 exad-sticky-section-no exad-glass-effect-no elementor-widget elementor-widget-image\" data-id=\"f070625\" data-element_type=\"widget\" data-widget_type=\"image.default\">\n\t\t\t\t<div class=\"elementor-widget-container\">\n\t\t\t\t\t\t\t\t\t\t\t\t\t\t\t<img fetchpriority=\"high\" decoding=\"async\" width=\"2000\" height=\"1196\" src=\"https:\/\/www.makewonder.com\/wp-content\/uploads\/2025\/01\/blockly-Pro-in-Laptop-2000-x-1200-px.png\" class=\"attachment-full size-full wp-image-12604\" alt=\"\" srcset=\"https:\/\/www.makewonder.com\/wp-content\/uploads\/2025\/01\/blockly-Pro-in-Laptop-2000-x-1200-px.png 2000w, https:\/\/www.makewonder.com\/wp-content\/uploads\/2025\/01\/blockly-Pro-in-Laptop-2000-x-1200-px-300x179.png 300w, https:\/\/www.makewonder.com\/wp-content\/uploads\/2025\/01\/blockly-Pro-in-Laptop-2000-x-1200-px-1024x612.png 1024w, https:\/\/www.makewonder.com\/wp-content\/uploads\/2025\/01\/blockly-Pro-in-Laptop-2000-x-1200-px-768x459.png 768w, https:\/\/www.makewonder.com\/wp-content\/uploads\/2025\/01\/blockly-Pro-in-Laptop-2000-x-1200-px-1536x919.png 1536w, https:\/\/www.makewonder.com\/wp-content\/uploads\/2025\/01\/blockly-Pro-in-Laptop-2000-x-1200-px-18x12.png 18w\" sizes=\"(max-width: 2000px) 100vw, 2000px\" \/>\t\t\t\t\t\t\t\t\t\t\t\t\t\t\t<\/div>\n\t\t\t\t<\/div>\n\t\t\t\t\t<\/div>\n\t\t\t\t<\/div>\n\t\t<div class=\"elementor-element elementor-element-4e90d92d e-flex e-con-boxed e-con e-parent\" data-id=\"4e90d92d\" data-element_type=\"container\">\n\t\t\t\t\t<div class=\"e-con-inner\">\n\t\t<div class=\"elementor-element elementor-element-12d14a54 e-flex e-con-boxed e-con e-child\" data-id=\"12d14a54\" data-element_type=\"container\">\n\t\t\t\t\t<div class=\"e-con-inner\">\n\t\t\t\t<div class=\"exad-link-anything-wrapper elementor-element elementor-element-584b4701 exad-sticky-section-no exad-glass-effect-no elementor-widget elementor-widget-image\" data-exad-element-link=\"{&quot;url&quot;:&quot;https:\\\/\\\/code.makewonder.com\\\/landing\\\/&quot;,&quot;is_external&quot;:&quot;&quot;,&quot;nofollow&quot;:&quot;&quot;,&quot;custom_attributes&quot;:&quot;&quot;}\" style=\"cursor: pointer\" data-id=\"584b4701\" data-element_type=\"widget\" data-widget_type=\"image.default\">\n\t\t\t\t<div class=\"elementor-widget-container\">\n\t\t\t\t\t\t\t\t\t\t\t\t\t\t\t<img decoding=\"async\" width=\"141\" height=\"45\" src=\"https:\/\/www.makewonder.com\/wp-content\/uploads\/2023\/08\/chromebook-1.svg\" class=\"attachment-large size-large wp-image-49\" alt=\"\" \/>\t\t\t\t\t\t\t\t\t\t\t\t\t\t\t<\/div>\n\t\t\t\t<\/div>\n\t\t\t\t\t<\/div>\n\t\t\t\t<\/div>\n\t\t\t\t\t<\/div>\n\t\t\t\t<\/div>\n\t\t<div class=\"elementor-element elementor-element-4c09680 animated-slow e-con-full e-flex elementor-invisible e-con e-parent\" data-id=\"4c09680\" data-element_type=\"container\" data-settings=\"{&quot;animation&quot;:&quot;fadeIn&quot;,&quot;animation_delay&quot;:200}\">\n\t\t<div class=\"elementor-element elementor-element-28b984f6 e-con-full e-flex e-con e-child\" data-id=\"28b984f6\" data-element_type=\"container\" data-settings=\"{&quot;background_background&quot;:&quot;classic&quot;}\">\n\t\t<div class=\"elementor-element elementor-element-26d212d8 e-flex e-con-boxed e-con e-child\" data-id=\"26d212d8\" data-element_type=\"container\" data-settings=\"{&quot;background_background&quot;:&quot;classic&quot;}\">\n\t\t\t\t\t<div class=\"e-con-inner\">\n\t\t\t\t\t<\/div>\n\t\t\t\t<\/div>\n\t\t\t\t<\/div>\n\t\t<div class=\"elementor-element elementor-element-4bab1320 e-flex e-con-boxed e-con e-child\" data-id=\"4bab1320\" data-element_type=\"container\" data-settings=\"{&quot;background_background&quot;:&quot;classic&quot;}\">\n\t\t\t\t\t<div class=\"e-con-inner\">\n\t\t<div class=\"elementor-element elementor-element-1608f2e1 e-con-full e-flex e-con e-child\" data-id=\"1608f2e1\" data-element_type=\"container\">\n\t\t\t\t<div class=\"elementor-element elementor-element-12f86101 exad-sticky-section-no exad-glass-effect-no elementor-widget elementor-widget-heading\" data-id=\"12f86101\" data-element_type=\"widget\" data-widget_type=\"heading.default\">\n\t\t\t\t<div class=\"elementor-widget-container\">\n\t\t\t\t\t<h1 class=\"elementor-heading-title elementor-size-default\">Age Up With Students<\/h1>\t\t\t\t<\/div>\n\t\t\t\t<\/div>\n\t\t\t\t<div class=\"elementor-element elementor-element-fc4e444 exad-sticky-section-no exad-glass-effect-no elementor-widget elementor-widget-text-editor\" data-id=\"fc4e444\" data-element_type=\"widget\" data-widget_type=\"text-editor.default\">\n\t\t\t\t<div class=\"elementor-widget-container\">\n\t\t\t\t\t\t\t\t\t<div class=\"text-box\"><p>Blockly Pro connects to our physical Dash robot and enables middle school students to tackle more advanced challenges while they toggle between Block-based and JavaScript code.<\/p><\/div>\t\t\t\t\t\t\t\t<\/div>\n\t\t\t\t<\/div>\n\t\t\t\t<div class=\"elementor-element elementor-element-2ea3a0ae exad-sticky-section-no exad-glass-effect-no elementor-widget elementor-widget-button\" data-id=\"2ea3a0ae\" data-element_type=\"widget\" data-widget_type=\"button.default\">\n\t\t\t\t<div class=\"elementor-widget-container\">\n\t\t\t\t\t\t\t\t\t<div class=\"elementor-button-wrapper\">\n\t\t\t\t\t<a class=\"elementor-button elementor-button-link elementor-size-xl\" href=\"https:\/\/code.makewonder.com\/blockly\">\n\t\t\t\t\t\t<span class=\"elementor-button-content-wrapper\">\n\t\t\t\t\t\t\t\t\t<span class=\"elementor-button-text\">Zobrazit v prohl\u00ed\u017ee\u010di Chrome<\/span>\n\t\t\t\t\t<\/span>\n\t\t\t\t\t<\/a>\n\t\t\t\t<\/div>\n\t\t\t\t\t\t\t\t<\/div>\n\t\t\t\t<\/div>\n\t\t\t\t<\/div>\n\t\t\t\t\t<\/div>\n\t\t\t\t<\/div>\n\t\t\t\t<\/div>\n\t\t<div class=\"elementor-element elementor-element-3fb025d0 animated-slow e-con-full e-flex elementor-invisible e-con e-parent\" data-id=\"3fb025d0\" data-element_type=\"container\" data-settings=\"{&quot;animation&quot;:&quot;fadeIn&quot;,&quot;animation_delay&quot;:200}\">\n\t\t<div class=\"elementor-element elementor-element-4fddf68d e-con-full e-flex e-con e-child\" data-id=\"4fddf68d\" data-element_type=\"container\">\n\t\t<div class=\"elementor-element elementor-element-2908dc29 e-con-full e-flex e-con e-child\" data-id=\"2908dc29\" data-element_type=\"container\">\n\t\t\t\t<div class=\"elementor-element elementor-element-783d2da0 exad-sticky-section-no exad-glass-effect-no elementor-widget elementor-widget-heading\" data-id=\"783d2da0\" data-element_type=\"widget\" data-widget_type=\"heading.default\">\n\t\t\t\t<div class=\"elementor-widget-container\">\n\t\t\t\t\t<h1 class=\"elementor-heading-title elementor-size-default\">Blockly Pro Pathways<\/h1>\t\t\t\t<\/div>\n\t\t\t\t<\/div>\n\t\t\t\t<div class=\"elementor-element elementor-element-7e66e69d exad-sticky-section-no exad-glass-effect-no elementor-widget elementor-widget-text-editor\" data-id=\"7e66e69d\" data-element_type=\"widget\" data-widget_type=\"text-editor.default\">\n\t\t\t\t<div class=\"elementor-widget-container\">\n\t\t\t\t\t\t\t\t\t<p>Blockly Pro Coding Pathways lessons are assignable to students from a teacher&#8217;s Make Wonder account and introduce students in grades 6-8 to advanced coding concepts like variables and functions.<span style=\"color: var( --e-global-color-secondary ); font-family: var( --e-global-typography-text-font-family ), Sans-serif; font-size: var( --e-global-typography-text-font-size ); font-weight: var( --e-global-typography-text-font-weight ); text-align: var(--text-align);\">\u00a0Students work through the challenges in a sequential order and teachers can track their progress, view suggested solutions, and their work, all from the Make Wonder tracking dashboard.<\/span><\/p>\t\t\t\t\t\t\t\t<\/div>\n\t\t\t\t<\/div>\n\t\t\t\t<\/div>\n\t\t\t\t<\/div>\n\t\t<div class=\"elementor-element elementor-element-62423a0f e-con-full e-flex e-con e-child\" data-id=\"62423a0f\" data-element_type=\"container\" data-settings=\"{&quot;background_background&quot;:&quot;classic&quot;}\">\n\t\t<div class=\"elementor-element elementor-element-45cdffde e-flex e-con-boxed e-con e-child\" data-id=\"45cdffde\" data-element_type=\"container\" data-settings=\"{&quot;background_background&quot;:&quot;classic&quot;}\">\n\t\t\t\t\t<div class=\"e-con-inner\">\n\t\t\t\t\t<\/div>\n\t\t\t\t<\/div>\n\t\t\t\t<\/div>\n\t\t\t\t<\/div>\n\t\t<div class=\"elementor-element elementor-element-3c7874ef animated-slow e-con-full e-flex elementor-invisible e-con e-parent\" data-id=\"3c7874ef\" data-element_type=\"container\" data-settings=\"{&quot;animation&quot;:&quot;fadeIn&quot;,&quot;animation_delay&quot;:200}\">\n\t\t<div class=\"elementor-element elementor-element-74b7cf5a e-con-full e-flex e-con e-child\" data-id=\"74b7cf5a\" data-element_type=\"container\" data-settings=\"{&quot;background_background&quot;:&quot;classic&quot;}\">\n\t\t<div class=\"elementor-element elementor-element-3bdc791b e-flex e-con-boxed e-con e-child\" data-id=\"3bdc791b\" data-element_type=\"container\" data-settings=\"{&quot;background_background&quot;:&quot;classic&quot;}\">\n\t\t\t\t\t<div class=\"e-con-inner\">\n\t\t\t\t\t<\/div>\n\t\t\t\t<\/div>\n\t\t\t\t<\/div>\n\t\t<div class=\"elementor-element elementor-element-6eac1794 e-flex e-con-boxed e-con e-child\" data-id=\"6eac1794\" data-element_type=\"container\" data-settings=\"{&quot;background_background&quot;:&quot;classic&quot;}\">\n\t\t\t\t\t<div class=\"e-con-inner\">\n\t\t<div class=\"elementor-element elementor-element-6b4ac7a6 e-con-full e-flex e-con e-child\" data-id=\"6b4ac7a6\" data-element_type=\"container\">\n\t\t\t\t<div class=\"elementor-element elementor-element-29d17859 exad-sticky-section-no exad-glass-effect-no elementor-widget elementor-widget-heading\" data-id=\"29d17859\" data-element_type=\"widget\" data-widget_type=\"heading.default\">\n\t\t\t\t<div class=\"elementor-widget-container\">\n\t\t\t\t\t<h1 class=\"elementor-heading-title elementor-size-default\">Dozens of Challenges<\/h1>\t\t\t\t<\/div>\n\t\t\t\t<\/div>\n\t\t\t\t<div class=\"elementor-element elementor-element-64a0d456 exad-sticky-section-no exad-glass-effect-no elementor-widget elementor-widget-text-editor\" data-id=\"64a0d456\" data-element_type=\"widget\" data-widget_type=\"text-editor.default\">\n\t\t\t\t<div class=\"elementor-widget-container\">\n\t\t\t\t\t\t\t\t\t<p>Students have the option to work through Coding Pathways challenges that are assigned to them (up to 23, multi-part challenges in all), or experiment with their own programs in the free play mode. They will learn topics such as conditionals, functions and variables using the Javascript coding language and can even power Dash\u2019s accessories, like Gripper, Launcher, and Sketch Kit.<\/p>\t\t\t\t\t\t\t\t<\/div>\n\t\t\t\t<\/div>\n\t\t\t\t<div class=\"elementor-element elementor-element-154ed4af exad-sticky-section-no exad-glass-effect-no elementor-widget elementor-widget-button\" data-id=\"154ed4af\" data-element_type=\"widget\" data-widget_type=\"button.default\">\n\t\t\t\t<div class=\"elementor-widget-container\">\n\t\t\t\t\t\t\t\t\t<div class=\"elementor-button-wrapper\">\n\t\t\t\t\t<a class=\"elementor-button elementor-button-link elementor-size-xl\" href=\"https:\/\/code.makewonder.com\/blocklypro\/#\/\">\n\t\t\t\t\t\t<span class=\"elementor-button-content-wrapper\">\n\t\t\t\t\t\t\t\t\t<span class=\"elementor-button-text\">Zobrazit v prohl\u00ed\u017ee\u010di Chrome<\/span>\n\t\t\t\t\t<\/span>\n\t\t\t\t\t<\/a>\n\t\t\t\t<\/div>\n\t\t\t\t\t\t\t\t<\/div>\n\t\t\t\t<\/div>\n\t\t\t\t<\/div>\n\t\t\t\t\t<\/div>\n\t\t\t\t<\/div>\n\t\t\t\t<\/div>\n\t\t<div class=\"elementor-element elementor-element-667082ef animated-slow e-con-full e-flex elementor-invisible e-con e-parent\" data-id=\"667082ef\" data-element_type=\"container\" data-settings=\"{&quot;animation&quot;:&quot;fadeIn&quot;}\">\n\t\t<div class=\"elementor-element elementor-element-1470b0b e-con-full e-flex e-con e-child\" data-id=\"1470b0b\" data-element_type=\"container\" data-settings=\"{&quot;background_background&quot;:&quot;classic&quot;}\">\n\t\t\t\t<\/div>\n\t\t<div class=\"elementor-element elementor-element-51d8262 e-con-full e-flex e-con e-child\" data-id=\"51d8262\" data-element_type=\"container\" data-settings=\"{&quot;background_background&quot;:&quot;classic&quot;}\">\n\t\t<div class=\"elementor-element elementor-element-a3a9d94 e-con-full e-flex e-con e-child\" data-id=\"a3a9d94\" data-element_type=\"container\">\n\t\t\t\t<div class=\"elementor-element elementor-element-76461d92 exad-sticky-section-no exad-glass-effect-no elementor-widget elementor-widget-heading\" data-id=\"76461d92\" data-element_type=\"widget\" data-widget_type=\"heading.default\">\n\t\t\t\t<div class=\"elementor-widget-container\">\n\t\t\t\t\t<h1 class=\"elementor-heading-title elementor-size-default\">A Comprehensive, K-8 Solution<\/h1>\t\t\t\t<\/div>\n\t\t\t\t<\/div>\n\t\t\t\t<div class=\"elementor-element elementor-element-5da80aae exad-sticky-section-no exad-glass-effect-no elementor-widget elementor-widget-text-editor\" data-id=\"5da80aae\" data-element_type=\"widget\" data-widget_type=\"text-editor.default\">\n\t\t\t\t<div class=\"elementor-widget-container\">\n\t\t\t\t\t\t\t\t\t<p>With Blockly Pro, Dash\u2019s capabilities are extended beyond the elementary classroom. Students can continue to be challenged and progress into advanced coding concepts and programming languages. With Blockly Pro Pathways, teachers are supported with pre-built lessons and challenges. The Make Wonder platform enables this powerful expansion. Learn more about Make Wonder today.<\/p>\t\t\t\t\t\t\t\t<\/div>\n\t\t\t\t<\/div>\n\t\t\t\t<div class=\"elementor-element elementor-element-242691b1 exad-sticky-section-no exad-glass-effect-no elementor-widget elementor-widget-button\" data-id=\"242691b1\" data-element_type=\"widget\" data-widget_type=\"button.default\">\n\t\t\t\t<div class=\"elementor-widget-container\">\n\t\t\t\t\t\t\t\t\t<div class=\"elementor-button-wrapper\">\n\t\t\t\t\t<a class=\"elementor-button elementor-button-link elementor-size-xl\" href=\"http:\/\/www.makewonder.com\/cs\/make-wonder\/\">\n\t\t\t\t\t\t<span class=\"elementor-button-content-wrapper\">\n\t\t\t\t\t\t\t\t\t<span class=\"elementor-button-text\">Learn More About Make Wonder<\/span>\n\t\t\t\t\t<\/span>\n\t\t\t\t\t<\/a>\n\t\t\t\t<\/div>\n\t\t\t\t\t\t\t\t<\/div>\n\t\t\t\t<\/div>\n\t\t\t\t<\/div>\n\t\t\t\t<\/div>\n\t\t\t\t<\/div>\n\t\t\t\t<\/div>","protected":false},"excerpt":{"rendered":"<p>Blockly Pro Blockly Pro is our web-based coding app that enables students to transition from Block-based coding to JavaScript coding while still powering Dash. \u00a0 Blockly Pro is available at code.makewonder.com to students who are connected to a paid Make Wonder account. Age Up With Students Blockly Pro connects to our physical Dash robot and [&hellip;]<\/p>","protected":false},"author":3,"featured_media":0,"parent":143,"menu_order":0,"comment_status":"closed","ping_status":"closed","template":"","meta":{"_acf_changed":false,"footnotes":""},"class_list":["post-12596","page","type-page","status-publish","hentry"],"acf":[],"_links":{"self":[{"href":"http:\/\/www.makewonder.com\/cs\/wp-json\/wp\/v2\/pages\/12596","targetHints":{"allow":["GET"]}}],"collection":[{"href":"http:\/\/www.makewonder.com\/cs\/wp-json\/wp\/v2\/pages"}],"about":[{"href":"http:\/\/www.makewonder.com\/cs\/wp-json\/wp\/v2\/types\/page"}],"author":[{"embeddable":true,"href":"http:\/\/www.makewonder.com\/cs\/wp-json\/wp\/v2\/users\/3"}],"replies":[{"embeddable":true,"href":"http:\/\/www.makewonder.com\/cs\/wp-json\/wp\/v2\/comments?post=12596"}],"version-history":[{"count":0,"href":"http:\/\/www.makewonder.com\/cs\/wp-json\/wp\/v2\/pages\/12596\/revisions"}],"up":[{"embeddable":true,"href":"http:\/\/www.makewonder.com\/cs\/wp-json\/wp\/v2\/pages\/143"}],"wp:attachment":[{"href":"http:\/\/www.makewonder.com\/cs\/wp-json\/wp\/v2\/media?parent=12596"}],"curies":[{"name":"wp","href":"https:\/\/api.w.org\/{rel}","templated":true}]}}