{"id":13166,"date":"2026-02-06T15:27:57","date_gmt":"2026-02-06T15:27:57","guid":{"rendered":"https:\/\/www.makewonder.com\/?page_id=13166"},"modified":"2026-05-15T11:12:15","modified_gmt":"2026-05-15T11:12:15","slug":"moravia-education","status":"publish","type":"page","link":"http:\/\/www.makewonder.com\/cs\/moravia-education\/","title":{"rendered":"Vzd\u011bl\u00e1v\u00e1n\u00ed na Morav\u011b"},"content":{"rendered":"<div data-elementor-type=\"wp-page\" data-elementor-id=\"13166\" class=\"elementor elementor-13166\" data-elementor-post-type=\"page\">\n\t\t\t\t<div class=\"elementor-element elementor-element-424516ae e-flex e-con-boxed e-con e-parent\" data-id=\"424516ae\" data-element_type=\"container\" data-settings=\"{&quot;background_background&quot;:&quot;classic&quot;}\">\n\t\t\t\t\t<div class=\"e-con-inner\">\n\t\t<div class=\"elementor-element elementor-element-3dfb7178 e-flex e-con-boxed e-con e-child\" data-id=\"3dfb7178\" data-element_type=\"container\">\n\t\t\t\t\t<div class=\"e-con-inner\">\n\t\t\t\t<div class=\"elementor-element elementor-element-030f281 exad-sticky-section-no exad-glass-effect-no elementor-widget elementor-widget-heading\" data-id=\"030f281\" data-element_type=\"widget\" data-widget_type=\"heading.default\">\n\t\t\t\t<div class=\"elementor-widget-container\">\n\t\t\t\t\t<h2 class=\"elementor-heading-title elementor-size-default\">About Us<\/h2>\t\t\t\t<\/div>\n\t\t\t\t<\/div>\n\t\t\t\t\t<\/div>\n\t\t\t\t<\/div>\n\t\t\t\t\t<\/div>\n\t\t\t\t<\/div>\n\t\t<div class=\"elementor-element elementor-element-98ce753 e-flex e-con-boxed e-con e-parent\" data-id=\"98ce753\" data-element_type=\"container\">\n\t\t\t\t\t<div class=\"e-con-inner\">\n\t\t<div class=\"elementor-element elementor-element-ecf9515 e-con-full e-flex e-con e-child\" data-id=\"ecf9515\" data-element_type=\"container\">\n\t\t\t\t<div class=\"elementor-element elementor-element-fc55437 exad-sticky-section-no exad-glass-effect-no elementor-widget elementor-widget-text-editor\" data-id=\"fc55437\" data-element_type=\"widget\" data-widget_type=\"text-editor.default\">\n\t\t\t\t<div class=\"elementor-widget-container\">\n\t\t\t\t\t\t\t\t\t<p>Welcome to&nbsp;<strong>MORAVIA Education<\/strong>, a US-based partner of&nbsp;<b>MORAVIA Consulting<\/b> which is a manufacturing and distribution company operating internationally since 1993 in the heart of Europe. MORAVIA Consulting specializes in crafting, designing and delivering cutting-edge educational tools and consumer products that ignite curiosity and foster creativity across all ages.<\/p>\n<p>We\u2019re proud to be the&nbsp;new home of the Wonder Workshop brand and to carry forward the beloved Dash robot, apps, accessories, and the Make Wonder platform including further development, distribution, and sales.<\/p>\t\t\t\t\t\t\t\t<\/div>\n\t\t\t\t<\/div>\n\t\t\t\t<\/div>\n\t\t<div class=\"elementor-element elementor-element-8403936 e-con-full e-flex e-con e-child\" data-id=\"8403936\" data-element_type=\"container\">\n\t\t\t\t<div class=\"elementor-element elementor-element-af16ac5 exad-sticky-section-no exad-glass-effect-no elementor-widget elementor-widget-image\" data-id=\"af16ac5\" data-element_type=\"widget\" data-widget_type=\"image.default\">\n\t\t\t\t<div class=\"elementor-widget-container\">\n\t\t\t\t\t\t\t\t\t\t\t\t\t\t\t<img fetchpriority=\"high\" decoding=\"async\" width=\"800\" height=\"534\" src=\"https:\/\/www.makewonder.com\/wp-content\/uploads\/2025\/04\/Kids-at-laptops-Blockly-1024x683.png\" class=\"attachment-large size-large wp-image-12724\" alt=\"\" srcset=\"https:\/\/www.makewonder.com\/wp-content\/uploads\/2025\/04\/Kids-at-laptops-Blockly-1024x683.png 1024w, https:\/\/www.makewonder.com\/wp-content\/uploads\/2025\/04\/Kids-at-laptops-Blockly-300x200.png 300w, https:\/\/www.makewonder.com\/wp-content\/uploads\/2025\/04\/Kids-at-laptops-Blockly-768x512.png 768w, https:\/\/www.makewonder.com\/wp-content\/uploads\/2025\/04\/Kids-at-laptops-Blockly-18x12.png 18w, https:\/\/www.makewonder.com\/wp-content\/uploads\/2025\/04\/Kids-at-laptops-Blockly.png 1200w\" sizes=\"(max-width: 800px) 100vw, 800px\" \/>\t\t\t\t\t\t\t\t\t\t\t\t\t\t\t<\/div>\n\t\t\t\t<\/div>\n\t\t\t\t<\/div>\n\t\t\t\t\t<\/div>\n\t\t\t\t<\/div>\n\t\t<div class=\"elementor-element elementor-element-2bea924 animated-slow e-flex e-con-boxed elementor-invisible e-con e-parent\" data-id=\"2bea924\" data-element_type=\"container\" data-settings=\"{&quot;animation&quot;:&quot;fadeIn&quot;}\">\n\t\t\t\t\t<div class=\"e-con-inner\">\n\t\t<div class=\"elementor-element elementor-element-e272a22 e-con-full e-flex e-con e-child\" data-id=\"e272a22\" data-element_type=\"container\" data-settings=\"{&quot;background_background&quot;:&quot;classic&quot;}\">\n\t\t<div class=\"elementor-element elementor-element-c6e61ff e-con-full e-flex e-con e-child\" data-id=\"c6e61ff\" data-element_type=\"container\">\n\t\t\t\t<div class=\"elementor-element elementor-element-89e82d5 exad-sticky-section-no exad-glass-effect-no elementor-widget elementor-widget-heading\" data-id=\"89e82d5\" data-element_type=\"widget\" data-widget_type=\"heading.default\">\n\t\t\t\t<div class=\"elementor-widget-container\">\n\t\t\t\t\t<h1 class=\"elementor-heading-title elementor-size-default\">Wonder Workshop's New Chapter<\/h1>\t\t\t\t<\/div>\n\t\t\t\t<\/div>\n\t\t\t\t<div class=\"elementor-element elementor-element-6b981e4 exad-sticky-section-no exad-glass-effect-no elementor-widget elementor-widget-text-editor\" data-id=\"6b981e4\" data-element_type=\"widget\" data-widget_type=\"text-editor.default\">\n\t\t\t\t<div class=\"elementor-widget-container\">\n\t\t\t\t\t\t\t\t\t<p>US-Based MORAVIA Education, which launched in February 2026, is staffed by a team comprised of former Wonder Workshop employees. Our goal is to continue to deliver on the\u00a0 Wonder Workshop brand promise while investing in and improving our K-8 STEM resources for tomorrow. \u00a0<\/p><p>We will continue to provide:<\/p><ul><li style=\"font-weight: 400;\" aria-level=\"1\"><span style=\"font-weight: 400;\">Access to lessons and content you&#8217;ve come to love<\/span><\/li><li style=\"font-weight: 400;\" aria-level=\"1\"><span style=\"font-weight: 400;\">World-class customer service that supports teachers and consumers<\/span><\/li><li style=\"font-weight: 400;\" aria-level=\"1\"><span style=\"font-weight: 400;\">The Wonder Workshop product family you\u2019ve loved for years<\/span><\/li><\/ul>\t\t\t\t\t\t\t\t<\/div>\n\t\t\t\t<\/div>\n\t\t\t\t<\/div>\n\t\t\t\t<\/div>\n\t\t<div class=\"elementor-element elementor-element-e7ee43b e-con-full e-flex e-con e-child\" data-id=\"e7ee43b\" data-element_type=\"container\" data-settings=\"{&quot;background_background&quot;:&quot;classic&quot;}\">\n\t\t\t\t<\/div>\n\t\t\t\t\t<\/div>\n\t\t\t\t<\/div>\n\t\t<div class=\"elementor-element elementor-element-0dc7527 e-flex e-con-boxed e-con e-parent\" data-id=\"0dc7527\" data-element_type=\"container\">\n\t\t\t\t\t<div class=\"e-con-inner\">\n\t\t\t\t<div class=\"elementor-element elementor-element-44bf182 exad-sticky-section-no exad-glass-effect-no elementor-widget elementor-widget-text-editor\" data-id=\"44bf182\" data-element_type=\"widget\" data-widget_type=\"text-editor.default\">\n\t\t\t\t<div class=\"elementor-widget-container\">\n\t\t\t\t\t\t\t\t\t<p>At <a href=\"https:\/\/moravia-consulting.com\/\"><b>MORAVIA Consulting<\/b><\/a>, our mission is to\u00a0<strong>empower learners and educators worldwide through transformative STEAM education<\/strong>. We believe technology should be more than just tools\u2014it should be a gateway to creativity, problem-solving, and lifelong learning.<\/p><p>By designing inclusive and accessible products, supporting teachers with ready-to-use content, and building partnerships across the EdTech landscape, we help equip the next generation with the knowledge and skills needed to thrive in a rapidly evolving world.<\/p><p>From rural classrooms to urban innovation hubs, our commitment is to make STEAM learning\u00a0<strong>engaging, equitable, and impactful<\/strong>\u2014because a spark of curiosity today can fuel tomorrow\u2019s breakthroughs.<\/p><p>The acquisition of Wonder Workshop&#8217;s assets\u00a0and launch of the <a href=\"https:\/\/moravia-education.com\"><b>US-based<\/b> <b>MORAVIA Education<\/b><\/a> division marks another transformative leap\u2014making more and more of the products we manufacture and distribute available to US-based schools and families.\u00a0<\/p><p>By combining playful design with advanced educational functionality, we\u2019re reimagining classroom robotics for students across the globe.<\/p>\t\t\t\t\t\t\t\t<\/div>\n\t\t\t\t<\/div>\n\t\t\t\t\t<\/div>\n\t\t\t\t<\/div>\n\t\t<div class=\"elementor-element elementor-element-fd645cc e-flex e-con-boxed e-con e-parent\" data-id=\"fd645cc\" data-element_type=\"container\">\n\t\t\t\t\t<div class=\"e-con-inner\">\n\t\t<div class=\"elementor-element elementor-element-e6ade95 e-con-full e-flex e-con e-child\" data-id=\"e6ade95\" data-element_type=\"container\">\n\t\t\t\t<div class=\"elementor-element elementor-element-e85946c exad-sticky-section-no exad-glass-effect-no elementor-widget elementor-widget-image\" data-id=\"e85946c\" data-element_type=\"widget\" data-widget_type=\"image.default\">\n\t\t\t\t<div class=\"elementor-widget-container\">\n\t\t\t\t\t\t\t\t\t\t\t\t\t\t\t<img decoding=\"async\" width=\"800\" height=\"621\" src=\"https:\/\/www.makewonder.com\/wp-content\/uploads\/2026\/05\/Moravia-Consulting-Building-1024x795.jpg\" class=\"attachment-large size-large wp-image-13285\" alt=\"\" srcset=\"https:\/\/www.makewonder.com\/wp-content\/uploads\/2026\/05\/Moravia-Consulting-Building-1024x795.jpg 1024w, https:\/\/www.makewonder.com\/wp-content\/uploads\/2026\/05\/Moravia-Consulting-Building-300x233.jpg 300w, https:\/\/www.makewonder.com\/wp-content\/uploads\/2026\/05\/Moravia-Consulting-Building-768x597.jpg 768w, https:\/\/www.makewonder.com\/wp-content\/uploads\/2026\/05\/Moravia-Consulting-Building-15x12.jpg 15w, https:\/\/www.makewonder.com\/wp-content\/uploads\/2026\/05\/Moravia-Consulting-Building.jpg 1536w\" sizes=\"(max-width: 800px) 100vw, 800px\" \/>\t\t\t\t\t\t\t\t\t\t\t\t\t\t\t<\/div>\n\t\t\t\t<\/div>\n\t\t\t\t<\/div>\n\t\t<div class=\"elementor-element elementor-element-888c087 e-con-full e-flex e-con e-child\" data-id=\"888c087\" data-element_type=\"container\" data-settings=\"{&quot;background_background&quot;:&quot;classic&quot;}\">\n\t\t<div class=\"elementor-element elementor-element-41022e6 e-con-full e-flex e-con e-child\" data-id=\"41022e6\" data-element_type=\"container\">\n\t\t\t\t<div class=\"elementor-element elementor-element-41ebea37 exad-sticky-section-no exad-glass-effect-no elementor-widget elementor-widget-heading\" data-id=\"41ebea37\" data-element_type=\"widget\" data-widget_type=\"heading.default\">\n\t\t\t\t<div class=\"elementor-widget-container\">\n\t\t\t\t\t<h1 class=\"elementor-heading-title elementor-size-default\">EdTech Ecosystem<\/h1>\t\t\t\t<\/div>\n\t\t\t\t<\/div>\n\t\t\t\t<div class=\"elementor-element elementor-element-24de4b3 exad-sticky-section-no exad-glass-effect-no elementor-widget elementor-widget-text-editor\" data-id=\"24de4b3\" data-element_type=\"widget\" data-widget_type=\"text-editor.default\">\n\t\t\t\t<div class=\"elementor-widget-container\">\n\t\t\t\t\t\t\t\t\t<p>MORAVIA Consulting group is a leading manufacturer of STEAM products and Calculators with a worldwide reach. We offer a diverse range of educational technologies tailored for learners from early childhood to high school.<\/p><p><span style=\"font-weight: 400;\">MORAVIA brands include:<\/span><\/p><ul><li aria-level=\"1\"><b>Primo Toys \u2013 Cubetto\u00a0 \u00a0 <\/b><a style=\"font-weight: 400;\" href=\"http:\/\/www.primotoys.com\/\">www.primotoys.com <\/a>\u00a0<span style=\"font-weight: 400; background-color: transparent;\">preschool, kindergarten<br \/><\/span><\/li><li aria-level=\"1\"><b>HP Robots \u2013 OTTO\u00a0<\/b> <a style=\"font-weight: 400;\" href=\"http:\/\/www.hprobots.com\/\"><span style=\"font-weight: 400;\">www.hprobots.com<\/span><\/a><span style=\"font-weight: 400;\"> \u00a0\u00a0\u00a0\u00a0<br \/><\/span><\/li><li aria-level=\"1\"><b>Piximakey <\/b><a style=\"font-weight: 400;\" href=\"http:\/\/www.piximakey.com\/\"><span style=\"font-weight: 400;\">www.piximakey.com<\/span> <\/a><span style=\"font-weight: 400;\">stop motion animation<br \/><\/span><\/li><li aria-level=\"1\"><b>Curiscope<\/b> <a style=\"font-weight: 400;\" href=\"http:\/\/www.curiscope.com\/\"><span style=\"font-weight: 400;\">www.curiscope.com<\/span><\/a><span style=\"font-weight: 400;\">\u00a0 <\/span> <span style=\"font-weight: 400;\">augmented reality<\/span><\/li><\/ul>\t\t\t\t\t\t\t\t<\/div>\n\t\t\t\t<\/div>\n\t\t\t\t<div class=\"elementor-element elementor-element-85bdfe9 exad-sticky-section-no exad-glass-effect-no elementor-widget elementor-widget-button\" data-id=\"85bdfe9\" data-element_type=\"widget\" data-widget_type=\"button.default\">\n\t\t\t\t<div class=\"elementor-widget-container\">\n\t\t\t\t\t\t\t\t\t<div class=\"elementor-button-wrapper\">\n\t\t\t\t\t<a class=\"elementor-button elementor-button-link elementor-size-sm\" href=\"https:\/\/moravia-education.com\">\n\t\t\t\t\t\t<span class=\"elementor-button-content-wrapper\">\n\t\t\t\t\t\t\t\t\t<span class=\"elementor-button-text\">Shop now<\/span>\n\t\t\t\t\t<\/span>\n\t\t\t\t\t<\/a>\n\t\t\t\t<\/div>\n\t\t\t\t\t\t\t\t<\/div>\n\t\t\t\t<\/div>\n\t\t\t\t<\/div>\n\t\t\t\t<\/div>\n\t\t\t\t\t<\/div>\n\t\t\t\t<\/div>\n\t\t<div class=\"elementor-element elementor-element-64b9832 e-flex e-con-boxed e-con e-parent\" data-id=\"64b9832\" data-element_type=\"container\">\n\t\t\t\t\t<div class=\"e-con-inner\">\n\t\t<div class=\"elementor-element elementor-element-54bfef9 e-con-full e-flex e-con e-child\" data-id=\"54bfef9\" data-element_type=\"container\">\n\t\t<div class=\"elementor-element elementor-element-7203fd7f e-con-full e-flex e-con e-child\" data-id=\"7203fd7f\" data-element_type=\"container\" data-settings=\"{&quot;background_background&quot;:&quot;classic&quot;}\">\n\t\t\t\t<\/div>\n\t\t\t\t<\/div>\n\t\t<div class=\"elementor-element elementor-element-ee69a93 e-con-full e-flex e-con e-child\" data-id=\"ee69a93\" data-element_type=\"container\">\n\t\t<div class=\"elementor-element elementor-element-434c5c92 e-con-full e-flex e-con e-child\" data-id=\"434c5c92\" data-element_type=\"container\" data-settings=\"{&quot;background_background&quot;:&quot;classic&quot;}\">\n\t\t<div class=\"elementor-element elementor-element-29ee83d4 e-con-full e-flex e-con e-child\" data-id=\"29ee83d4\" data-element_type=\"container\">\n\t\t\t\t<div class=\"elementor-element elementor-element-76b594c exad-sticky-section-no exad-glass-effect-no elementor-widget elementor-widget-heading\" data-id=\"76b594c\" data-element_type=\"widget\" data-widget_type=\"heading.default\">\n\t\t\t\t<div class=\"elementor-widget-container\">\n\t\t\t\t\t<h1 class=\"elementor-heading-title elementor-size-default\">Got Questions?<\/h1>\t\t\t\t<\/div>\n\t\t\t\t<\/div>\n\t\t\t\t<div class=\"elementor-element elementor-element-5e5749f1 exad-sticky-section-no exad-glass-effect-no elementor-widget elementor-widget-text-editor\" data-id=\"5e5749f1\" data-element_type=\"widget\" data-widget_type=\"text-editor.default\">\n\t\t\t\t<div class=\"elementor-widget-container\">\n\t\t\t\t\t\t\t\t\t<p><span style=\"font-weight: 400;\">Now that Wonder Workshop is part of the MORAVIA Consulting Group family, if you&#8217;ve got questions about Dash, apps, accessories, or the Make Wonder platform, don&#8217;t hesitate to reach out.<\/span><\/p>\t\t\t\t\t\t\t\t<\/div>\n\t\t\t\t<\/div>\n\t\t\t\t<div class=\"elementor-element elementor-element-1e10799 elementor-align-center exad-sticky-section-no exad-glass-effect-no elementor-widget elementor-widget-button\" data-id=\"1e10799\" data-element_type=\"widget\" data-widget_type=\"button.default\">\n\t\t\t\t<div class=\"elementor-widget-container\">\n\t\t\t\t\t\t\t\t\t<div class=\"elementor-button-wrapper\">\n\t\t\t\t\t<a class=\"elementor-button elementor-button-link elementor-size-sm\" href=\"https:\/\/help.makewonder.com\/support\/home\">\n\t\t\t\t\t\t<span class=\"elementor-button-content-wrapper\">\n\t\t\t\t\t\t\t\t\t<span class=\"elementor-button-text\">Contact Support<\/span>\n\t\t\t\t\t<\/span>\n\t\t\t\t\t<\/a>\n\t\t\t\t<\/div>\n\t\t\t\t\t\t\t\t<\/div>\n\t\t\t\t<\/div>\n\t\t\t\t<div class=\"elementor-element elementor-element-fc793d1 elementor-align-center exad-sticky-section-no exad-glass-effect-no elementor-widget elementor-widget-button\" data-id=\"fc793d1\" data-element_type=\"widget\" data-widget_type=\"button.default\">\n\t\t\t\t<div class=\"elementor-widget-container\">\n\t\t\t\t\t\t\t\t\t<div class=\"elementor-button-wrapper\">\n\t\t\t\t\t<a class=\"elementor-button elementor-button-link elementor-size-sm\" href=\"https:\/\/www.makewonder.com\/cs\/custom-quote-request\/\">\n\t\t\t\t\t\t<span class=\"elementor-button-content-wrapper\">\n\t\t\t\t\t\t\t\t\t<span class=\"elementor-button-text\">Talk to Sales<\/span>\n\t\t\t\t\t<\/span>\n\t\t\t\t\t<\/a>\n\t\t\t\t<\/div>\n\t\t\t\t\t\t\t\t<\/div>\n\t\t\t\t<\/div>\n\t\t\t\t<\/div>\n\t\t\t\t<\/div>\n\t\t\t\t<\/div>\n\t\t\t\t\t<\/div>\n\t\t\t\t<\/div>\n\t\t<div class=\"elementor-element elementor-element-4f333488 e-flex e-con-boxed e-con e-parent\" data-id=\"4f333488\" data-element_type=\"container\">\n\t\t\t\t\t<div class=\"e-con-inner\">\n\t\t<div class=\"elementor-element elementor-element-250cfe1f e-flex e-con-boxed e-con e-child\" data-id=\"250cfe1f\" data-element_type=\"container\">\n\t\t\t\t\t<div class=\"e-con-inner\">\n\t\t\t\t<div class=\"elementor-element elementor-element-69a4e2ca elementor-flip-box--direction-right elementor-flip-box--effect-flip exad-sticky-section-no exad-glass-effect-no elementor-widget elementor-widget-flip-box\" data-id=\"69a4e2ca\" data-element_type=\"widget\" data-widget_type=\"flip-box.default\">\n\t\t\t\t<div class=\"elementor-widget-container\">\n\t\t\t\t\t\t\t<div class=\"elementor-flip-box\" tabindex=\"0\">\n\t\t\t<div class=\"elementor-flip-box__layer elementor-flip-box__front\">\n\t\t\t\t<div class=\"elementor-flip-box__layer__overlay\">\n\t\t\t\t\t<div class=\"elementor-flip-box__layer__inner\">\n\t\t\t\t\t\t\n\t\t\t\t\t\t\n\t\t\t\t\t\t\t\t\t\t\t<\/div>\n\t\t\t\t<\/div>\n\t\t\t<\/div>\n\t\t\t<div class=\"elementor-flip-box__layer elementor-flip-box__back\">\n\t\t\t<div class=\"elementor-flip-box__layer__overlay\">\n\t\t\t\t<div class=\"elementor-flip-box__layer__inner\">\n\t\t\t\t\t\t\t\t\t\t\t<h3 class=\"elementor-flip-box__layer__title\">\n\t\t\t\t\t\t\tMake Wonder STEM Classroom\t\t\t\t\t\t<\/h3>\n\t\t\t\t\t\n\t\t\t\t\t\t\t\t\t\t\t<div class=\"elementor-flip-box__layer__description\">\n\t\t\t\t\t\t\tTurn your classroom into a robot-themed adventure where learning to code is fun. The subscription provides accounts for 35 students and 1 Teacher.\n\t\t\t\t\t\t<\/div>\n\t\t\t\t\t\n\t\t\t\t\t\t\t\t\t\t\t<a class=\"elementor-flip-box__button elementor-button elementor-size-xs\" href=\"https:\/\/store.makewonder.com\/products\/make-wonder-stem-classroom\">\n\t\t\t\t\t\t\tShop now\t\t\t\t\t\t<\/a>\n\t\t\t\t\t\t\t\t<\/div>\n\t\t<\/div>\n\t\t<\/div>\n\t\t<\/div>\n\t\t\t\t\t\t<\/div>\n\t\t\t\t<\/div>\n\t\t\t\t\t<\/div>\n\t\t\t\t<\/div>\n\t\t<div class=\"elementor-element elementor-element-60e51bb2 e-flex e-con-boxed e-con e-child\" data-id=\"60e51bb2\" data-element_type=\"container\">\n\t\t\t\t\t<div class=\"e-con-inner\">\n\t\t\t\t<div class=\"elementor-element elementor-element-7dbcdb62 elementor-flip-box--direction-right elementor-flip-box--effect-flip exad-sticky-section-no exad-glass-effect-no elementor-widget elementor-widget-flip-box\" data-id=\"7dbcdb62\" data-element_type=\"widget\" data-widget_type=\"flip-box.default\">\n\t\t\t\t<div class=\"elementor-widget-container\">\n\t\t\t\t\t\t\t<div class=\"elementor-flip-box\" tabindex=\"0\">\n\t\t\t<div class=\"elementor-flip-box__layer elementor-flip-box__front\">\n\t\t\t\t<div class=\"elementor-flip-box__layer__overlay\">\n\t\t\t\t\t<div class=\"elementor-flip-box__layer__inner\">\n\t\t\t\t\t\t\n\t\t\t\t\t\t\n\t\t\t\t\t\t\t\t\t\t\t<\/div>\n\t\t\t\t<\/div>\n\t\t\t<\/div>\n\t\t\t<div class=\"elementor-flip-box__layer elementor-flip-box__back\">\n\t\t\t<div class=\"elementor-flip-box__layer__overlay\">\n\t\t\t\t<div class=\"elementor-flip-box__layer__inner\">\n\t\t\t\t\t\t\t\t\t\t\t<h3 class=\"elementor-flip-box__layer__title\">\n\t\t\t\t\t\t\tMake Wonder STEM Center with Dash\t\t\t\t\t\t<\/h3>\n\t\t\t\t\t\n\t\t\t\t\t\t\t\t\t\t\t<div class=\"elementor-flip-box__layer__description\">\n\t\t\t\t\t\t\tOutfit your media lab, maker space, or library with Make Wonder and Dash. The subscription provides accounts for 300 students and 3 Teachers.\t\t\t\t\t\t<\/div>\n\t\t\t\t\t\n\t\t\t\t\t\t\t\t\t\t\t<a class=\"elementor-flip-box__button elementor-button elementor-size-xs\" href=\"https:\/\/store.makewonder.com\/products\/make-wonder-stem-center-with-dash\">\n\t\t\t\t\t\t\tShop now\t\t\t\t\t\t<\/a>\n\t\t\t\t\t\t\t\t<\/div>\n\t\t<\/div>\n\t\t<\/div>\n\t\t<\/div>\n\t\t\t\t\t\t<\/div>\n\t\t\t\t<\/div>\n\t\t\t\t\t<\/div>\n\t\t\t\t<\/div>\n\t\t<div class=\"elementor-element elementor-element-3b814c78 e-flex e-con-boxed e-con e-child\" data-id=\"3b814c78\" data-element_type=\"container\">\n\t\t\t\t\t<div class=\"e-con-inner\">\n\t\t\t\t<div class=\"elementor-element elementor-element-5dc365f4 elementor-flip-box--direction-right elementor-flip-box--effect-flip exad-sticky-section-no exad-glass-effect-no elementor-widget elementor-widget-flip-box\" data-id=\"5dc365f4\" data-element_type=\"widget\" data-widget_type=\"flip-box.default\">\n\t\t\t\t<div class=\"elementor-widget-container\">\n\t\t\t\t\t\t\t<div class=\"elementor-flip-box\" tabindex=\"0\">\n\t\t\t<div class=\"elementor-flip-box__layer elementor-flip-box__front\">\n\t\t\t\t<div class=\"elementor-flip-box__layer__overlay\">\n\t\t\t\t\t<div class=\"elementor-flip-box__layer__inner\">\n\t\t\t\t\t\t\n\t\t\t\t\t\t\n\t\t\t\t\t\t\t\t\t\t\t<\/div>\n\t\t\t\t<\/div>\n\t\t\t<\/div>\n\t\t\t<div class=\"elementor-flip-box__layer elementor-flip-box__back\">\n\t\t\t<div class=\"elementor-flip-box__layer__overlay\">\n\t\t\t\t<div class=\"elementor-flip-box__layer__inner\">\n\t\t\t\t\t\t\t\t\t\t\t<h3 class=\"elementor-flip-box__layer__title\">\n\t\t\t\t\t\t\tMake Wonder STEM Center Starter Suite\t\t\t\t\t\t<\/h3>\n\t\t\t\t\t\n\t\t\t\t\t\t\t\t\t\t\t<div class=\"elementor-flip-box__layer__description\">\n\t\t\t\t\t\t\tThis bundle provides access to Make Wonder for 300 students and 3 Teachers plus 3 Dash Robots, 1 Sketch Kit, 1 Launcher, and 1 Gripper Building Kit.\t\t\t\t\t\t<\/div>\n\t\t\t\t\t\n\t\t\t\t\t\t\t\t\t\t\t<a class=\"elementor-flip-box__button elementor-button elementor-size-xs\" href=\"https:\/\/store.makewonder.com\/products\/make-wonder-stem-center-starter-suite\">\n\t\t\t\t\t\t\tShop now\t\t\t\t\t\t<\/a>\n\t\t\t\t\t\t\t\t<\/div>\n\t\t<\/div>\n\t\t<\/div>\n\t\t<\/div>\n\t\t\t\t\t\t<\/div>\n\t\t\t\t<\/div>\n\t\t\t\t\t<\/div>\n\t\t\t\t<\/div>\n\t\t\t\t\t<\/div>\n\t\t\t\t<\/div>\n\t\t\t\t<\/div>","protected":false},"excerpt":{"rendered":"<p>About Us Welcome to&nbsp;MORAVIA Education, a US-based partner of&nbsp;MORAVIA Consulting which is a manufacturing and distribution company operating internationally since 1993 in the heart of Europe. MORAVIA Consulting specializes in crafting, designing and delivering cutting-edge educational tools and consumer products that ignite curiosity and foster creativity across all ages. We\u2019re proud to be the&nbsp;new home [&hellip;]<\/p>\n","protected":false},"author":2,"featured_media":0,"parent":0,"menu_order":0,"comment_status":"closed","ping_status":"closed","template":"","meta":{"_acf_changed":false,"footnotes":""},"class_list":["post-13166","page","type-page","status-publish","hentry"],"acf":[],"_links":{"self":[{"href":"http:\/\/www.makewonder.com\/cs\/wp-json\/wp\/v2\/pages\/13166","targetHints":{"allow":["GET"]}}],"collection":[{"href":"http:\/\/www.makewonder.com\/cs\/wp-json\/wp\/v2\/pages"}],"about":[{"href":"http:\/\/www.makewonder.com\/cs\/wp-json\/wp\/v2\/types\/page"}],"author":[{"embeddable":true,"href":"http:\/\/www.makewonder.com\/cs\/wp-json\/wp\/v2\/users\/2"}],"replies":[{"embeddable":true,"href":"http:\/\/www.makewonder.com\/cs\/wp-json\/wp\/v2\/comments?post=13166"}],"version-history":[{"count":0,"href":"http:\/\/www.makewonder.com\/cs\/wp-json\/wp\/v2\/pages\/13166\/revisions"}],"wp:attachment":[{"href":"http:\/\/www.makewonder.com\/cs\/wp-json\/wp\/v2\/media?parent=13166"}],"curies":[{"name":"wp","href":"https:\/\/api.w.org\/{rel}","templated":true}]}}