{"id":611,"date":"2023-09-20T18:50:19","date_gmt":"2023-09-20T18:50:19","guid":{"rendered":"https:\/\/wwmain.wpengine.com\/?page_id=611"},"modified":"2025-12-16T18:47:53","modified_gmt":"2025-12-16T18:47:53","slug":"robots","status":"publish","type":"page","link":"https:\/\/www.makewonder.com\/pt\/robots\/","title":{"rendered":"Rob\u00f4s"},"content":{"rendered":"<div data-elementor-type=\"wp-page\" data-elementor-id=\"611\" class=\"elementor elementor-611\" data-elementor-post-type=\"page\">\n\t\t\t\t<div class=\"elementor-element elementor-element-8e94ee0 e-flex e-con-boxed e-con e-parent\" data-id=\"8e94ee0\" data-element_type=\"container\">\n\t\t\t\t\t<div class=\"e-con-inner\">\n\t\t<div class=\"elementor-element elementor-element-04aeaf7 e-flex e-con-boxed e-con e-child\" data-id=\"04aeaf7\" data-element_type=\"container\">\n\t\t\t\t\t<div class=\"e-con-inner\">\n\t\t\t\t<div class=\"elementor-element elementor-element-5897b69 exad-sticky-section-no exad-glass-effect-no elementor-widget elementor-widget-image\" data-id=\"5897b69\" data-element_type=\"widget\" data-widget_type=\"image.default\">\n\t\t\t\t<div class=\"elementor-widget-container\">\n\t\t\t\t\t\t\t\t\t\t\t\t\t\t\t<img fetchpriority=\"high\" decoding=\"async\" width=\"800\" height=\"844\" src=\"https:\/\/www.makewonder.com\/wp-content\/uploads\/2023\/09\/Dash_Front_2-971x1024.jpg\" class=\"attachment-large size-large wp-image-515\" alt=\"\" srcset=\"https:\/\/www.makewonder.com\/wp-content\/uploads\/2023\/09\/Dash_Front_2-971x1024.jpg 971w, https:\/\/www.makewonder.com\/wp-content\/uploads\/2023\/09\/Dash_Front_2-284x300.jpg 284w, https:\/\/www.makewonder.com\/wp-content\/uploads\/2023\/09\/Dash_Front_2-768x810.jpg 768w, https:\/\/www.makewonder.com\/wp-content\/uploads\/2023\/09\/Dash_Front_2.jpg 1370w\" sizes=\"(max-width: 800px) 100vw, 800px\" \/>\t\t\t\t\t\t\t\t\t\t\t\t\t\t\t<\/div>\n\t\t\t\t<\/div>\n\t\t\t\t<div class=\"elementor-element elementor-element-680c66d exad-sticky-section-no exad-glass-effect-no elementor-widget elementor-widget-heading\" data-id=\"680c66d\" data-element_type=\"widget\" data-widget_type=\"heading.default\">\n\t\t\t\t<div class=\"elementor-widget-container\">\n\t\t\t\t\t<h2 class=\"elementor-heading-title elementor-size-default\">Tra\u00e7o<\/h2>\t\t\t\t<\/div>\n\t\t\t\t<\/div>\n\t\t\t\t<div class=\"elementor-element elementor-element-0f7483b elementor-view-default exad-sticky-section-no exad-glass-effect-no elementor-widget elementor-widget-icon\" data-id=\"0f7483b\" data-element_type=\"widget\" data-widget_type=\"icon.default\">\n\t\t\t\t<div class=\"elementor-widget-container\">\n\t\t\t\t\t\t\t<div class=\"elementor-icon-wrapper\">\n\t\t\t<a class=\"elementor-icon\" href=\"#dash_section\">\n\t\t\t<i aria-hidden=\"true\" class=\"teenyicon ti-arrow-down-small\"><\/i>\t\t\t<\/a>\n\t\t<\/div>\n\t\t\t\t\t\t<\/div>\n\t\t\t\t<\/div>\n\t\t\t\t\t<\/div>\n\t\t\t\t<\/div>\n\t\t<div class=\"elementor-element elementor-element-6e393a0 e-flex e-con-boxed e-con e-child\" data-id=\"6e393a0\" data-element_type=\"container\">\n\t\t\t\t\t<div class=\"e-con-inner\">\n\t\t\t\t<div class=\"elementor-element elementor-element-dc72676 exad-sticky-section-no exad-glass-effect-no elementor-widget elementor-widget-image\" data-id=\"dc72676\" data-element_type=\"widget\" data-widget_type=\"image.default\">\n\t\t\t\t<div class=\"elementor-widget-container\">\n\t\t\t\t\t\t\t\t\t\t\t\t\t\t\t<img decoding=\"async\" width=\"800\" height=\"800\" src=\"https:\/\/www.makewonder.com\/wp-content\/uploads\/2023\/09\/dot-1024x1024.jpg\" class=\"attachment-large size-large wp-image-359\" alt=\"\" srcset=\"https:\/\/www.makewonder.com\/wp-content\/uploads\/2023\/09\/dot-1024x1024.jpg 1024w, https:\/\/www.makewonder.com\/wp-content\/uploads\/2023\/09\/dot-300x300.jpg 300w, https:\/\/www.makewonder.com\/wp-content\/uploads\/2023\/09\/dot-150x150.jpg 150w, https:\/\/www.makewonder.com\/wp-content\/uploads\/2023\/09\/dot-768x768.jpg 768w, https:\/\/www.makewonder.com\/wp-content\/uploads\/2023\/09\/dot-700x700.jpg 700w, https:\/\/www.makewonder.com\/wp-content\/uploads\/2023\/09\/dot.jpg 1080w\" sizes=\"(max-width: 800px) 100vw, 800px\" \/>\t\t\t\t\t\t\t\t\t\t\t\t\t\t\t<\/div>\n\t\t\t\t<\/div>\n\t\t\t\t<div class=\"elementor-element elementor-element-cd899de exad-sticky-section-no exad-glass-effect-no elementor-widget elementor-widget-heading\" data-id=\"cd899de\" data-element_type=\"widget\" data-widget_type=\"heading.default\">\n\t\t\t\t<div class=\"elementor-widget-container\">\n\t\t\t\t\t<h2 class=\"elementor-heading-title elementor-size-default\">Dot<\/h2>\t\t\t\t<\/div>\n\t\t\t\t<\/div>\n\t\t\t\t<div class=\"elementor-element elementor-element-62a7141 elementor-view-default exad-sticky-section-no exad-glass-effect-no elementor-widget elementor-widget-icon\" data-id=\"62a7141\" data-element_type=\"widget\" data-widget_type=\"icon.default\">\n\t\t\t\t<div class=\"elementor-widget-container\">\n\t\t\t\t\t\t\t<div class=\"elementor-icon-wrapper\">\n\t\t\t<a class=\"elementor-icon\" href=\"#dot_section\">\n\t\t\t<i aria-hidden=\"true\" class=\"teenyicon ti-arrow-down-small\"><\/i>\t\t\t<\/a>\n\t\t<\/div>\n\t\t\t\t\t\t<\/div>\n\t\t\t\t<\/div>\n\t\t\t\t\t<\/div>\n\t\t\t\t<\/div>\n\t\t<div class=\"elementor-element elementor-element-17f1390 e-flex e-con-boxed e-con e-child\" data-id=\"17f1390\" data-element_type=\"container\">\n\t\t\t\t\t<div class=\"e-con-inner\">\n\t\t\t\t<div class=\"elementor-element elementor-element-72b9249 exad-sticky-section-no exad-glass-effect-no elementor-widget elementor-widget-image\" data-id=\"72b9249\" data-element_type=\"widget\" data-widget_type=\"image.default\">\n\t\t\t\t<div class=\"elementor-widget-container\">\n\t\t\t\t\t\t\t\t\t\t\t\t\t\t\t<img decoding=\"async\" width=\"800\" height=\"800\" src=\"https:\/\/www.makewonder.com\/wp-content\/uploads\/2023\/09\/cue_onyx_front_cmyk-1024x1024.jpg\" class=\"attachment-large size-large wp-image-348\" alt=\"\" srcset=\"https:\/\/www.makewonder.com\/wp-content\/uploads\/2023\/09\/cue_onyx_front_cmyk-1024x1024.jpg 1024w, https:\/\/www.makewonder.com\/wp-content\/uploads\/2023\/09\/cue_onyx_front_cmyk-300x300.jpg 300w, https:\/\/www.makewonder.com\/wp-content\/uploads\/2023\/09\/cue_onyx_front_cmyk-150x150.jpg 150w, https:\/\/www.makewonder.com\/wp-content\/uploads\/2023\/09\/cue_onyx_front_cmyk-768x768.jpg 768w, https:\/\/www.makewonder.com\/wp-content\/uploads\/2023\/09\/cue_onyx_front_cmyk-700x700.jpg 700w, https:\/\/www.makewonder.com\/wp-content\/uploads\/2023\/09\/cue_onyx_front_cmyk.jpg 1440w\" sizes=\"(max-width: 800px) 100vw, 800px\" \/>\t\t\t\t\t\t\t\t\t\t\t\t\t\t\t<\/div>\n\t\t\t\t<\/div>\n\t\t\t\t<div class=\"elementor-element elementor-element-87f28e4 exad-sticky-section-no exad-glass-effect-no elementor-widget elementor-widget-heading\" data-id=\"87f28e4\" data-element_type=\"widget\" data-widget_type=\"heading.default\">\n\t\t\t\t<div class=\"elementor-widget-container\">\n\t\t\t\t\t<h2 class=\"elementor-heading-title elementor-size-default\">Cue<\/h2>\t\t\t\t<\/div>\n\t\t\t\t<\/div>\n\t\t\t\t<div class=\"elementor-element elementor-element-dac5771 elementor-view-default exad-sticky-section-no exad-glass-effect-no elementor-widget elementor-widget-icon\" data-id=\"dac5771\" data-element_type=\"widget\" data-widget_type=\"icon.default\">\n\t\t\t\t<div class=\"elementor-widget-container\">\n\t\t\t\t\t\t\t<div class=\"elementor-icon-wrapper\">\n\t\t\t<a class=\"elementor-icon\" href=\"#cue_section\">\n\t\t\t<i aria-hidden=\"true\" class=\"teenyicon ti-arrow-down-small\"><\/i>\t\t\t<\/a>\n\t\t<\/div>\n\t\t\t\t\t\t<\/div>\n\t\t\t\t<\/div>\n\t\t\t\t\t<\/div>\n\t\t\t\t<\/div>\n\t\t\t\t\t<\/div>\n\t\t\t\t<\/div>\n\t\t<div class=\"elementor-element elementor-element-92de46d e-flex e-con-boxed e-con e-parent\" data-id=\"92de46d\" data-element_type=\"container\" id=\"dash_section\">\n\t\t\t\t\t<div class=\"e-con-inner\">\n\t\t<div class=\"elementor-element elementor-element-110ed72 e-con-full e-flex e-con e-child\" data-id=\"110ed72\" data-element_type=\"container\">\n\t\t\t\t<div class=\"elementor-element elementor-element-20177df exad-sticky-section-no exad-glass-effect-no elementor-widget elementor-widget-image\" data-id=\"20177df\" data-element_type=\"widget\" data-widget_type=\"image.default\">\n\t\t\t\t<div class=\"elementor-widget-container\">\n\t\t\t\t\t\t\t\t\t\t\t\t\t\t\t<img loading=\"lazy\" decoding=\"async\" width=\"724\" height=\"644\" src=\"https:\/\/www.makewonder.com\/wp-content\/uploads\/2023\/08\/dash.png\" class=\"attachment-large size-large wp-image-165\" alt=\"\" srcset=\"https:\/\/www.makewonder.com\/wp-content\/uploads\/2023\/08\/dash.png 724w, https:\/\/www.makewonder.com\/wp-content\/uploads\/2023\/08\/dash-300x267.png 300w\" sizes=\"(max-width: 724px) 100vw, 724px\" \/>\t\t\t\t\t\t\t\t\t\t\t\t\t\t\t<\/div>\n\t\t\t\t<\/div>\n\t\t\t\t<\/div>\n\t\t<div class=\"elementor-element elementor-element-bffab50 e-con-full e-flex e-con e-child\" data-id=\"bffab50\" data-element_type=\"container\">\n\t\t<div class=\"elementor-element elementor-element-57d8ca4 e-flex e-con-boxed e-con e-child\" data-id=\"57d8ca4\" data-element_type=\"container\">\n\t\t\t\t\t<div class=\"e-con-inner\">\n\t\t\t\t<div class=\"elementor-element elementor-element-64d9a35 exad-sticky-section-no exad-glass-effect-no elementor-widget elementor-widget-heading\" data-id=\"64d9a35\" data-element_type=\"widget\" data-widget_type=\"heading.default\">\n\t\t\t\t<div class=\"elementor-widget-container\">\n\t\t\t\t\t<h2 class=\"elementor-heading-title elementor-size-default\">Tra\u00e7o<\/h2>\t\t\t\t<\/div>\n\t\t\t\t<\/div>\n\t\t\t\t<div class=\"elementor-element elementor-element-a1f59ab exad-sticky-section-no exad-glass-effect-no elementor-widget elementor-widget-text-editor\" data-id=\"a1f59ab\" data-element_type=\"widget\" data-widget_type=\"text-editor.default\">\n\t\t\t\t<div class=\"elementor-widget-container\">\n\t\t\t\t\t\t\t\t\t<p>The original STEM learning robot.<\/p>\t\t\t\t\t\t\t\t<\/div>\n\t\t\t\t<\/div>\n\t\t\t\t\t<\/div>\n\t\t\t\t<\/div>\n\t\t\t\t<div class=\"elementor-element elementor-element-8048b7f exad-sticky-section-no exad-glass-effect-no elementor-widget elementor-widget-text-editor\" data-id=\"8048b7f\" data-element_type=\"widget\" data-widget_type=\"text-editor.default\">\n\t\t\t\t<div class=\"elementor-widget-container\">\n\t\t\t\t\t\t\t\t\t<p>O Dash \u00e9 adorado por crian\u00e7as e professores nos EUA e em todo o mundo. O Dash \u00e9 suficientemente inteligente para responder a vozes e sons e pode dan\u00e7ar e cantar, o que o torna numa experi\u00eancia de aprendizagem divertida e interactiva para as crian\u00e7as. O Dash vai ajudar as crian\u00e7as a aprender, a rir e a crescer.<\/p>\t\t\t\t\t\t\t\t<\/div>\n\t\t\t\t<\/div>\n\t\t<div class=\"elementor-element elementor-element-970f68a e-flex e-con-boxed e-con e-child\" data-id=\"970f68a\" data-element_type=\"container\">\n\t\t\t\t\t<div class=\"e-con-inner\">\n\t\t\t\t<div class=\"elementor-element elementor-element-1845ffc exad-sticky-section-no exad-glass-effect-no elementor-widget elementor-widget-button\" data-id=\"1845ffc\" data-element_type=\"widget\" data-widget_type=\"button.default\">\n\t\t\t\t<div class=\"elementor-widget-container\">\n\t\t\t\t\t\t\t\t\t<div class=\"elementor-button-wrapper\">\n\t\t\t\t\t<a class=\"elementor-button elementor-button-link elementor-size-sm\" href=\"https:\/\/www.makewonder.com\/pt\/dash\/\">\n\t\t\t\t\t\t<span class=\"elementor-button-content-wrapper\">\n\t\t\t\t\t\t\t\t\t<span class=\"elementor-button-text\">Saiba mais<\/span>\n\t\t\t\t\t<\/span>\n\t\t\t\t\t<\/a>\n\t\t\t\t<\/div>\n\t\t\t\t\t\t\t\t<\/div>\n\t\t\t\t<\/div>\n\t\t\t\t<div class=\"elementor-element elementor-element-d3e7fb1 exad-sticky-section-no exad-glass-effect-no elementor-widget elementor-widget-button\" data-id=\"d3e7fb1\" data-element_type=\"widget\" data-widget_type=\"button.default\">\n\t\t\t\t<div class=\"elementor-widget-container\">\n\t\t\t\t\t\t\t\t\t<div class=\"elementor-button-wrapper\">\n\t\t\t\t\t<a class=\"elementor-button elementor-button-link elementor-size-sm\" href=\"https:\/\/store.makewonder.com\/products\/dash\">\n\t\t\t\t\t\t<span class=\"elementor-button-content-wrapper\">\n\t\t\t\t\t\t\t\t\t<span class=\"elementor-button-text\">Comprar agora<\/span>\n\t\t\t\t\t<\/span>\n\t\t\t\t\t<\/a>\n\t\t\t\t<\/div>\n\t\t\t\t\t\t\t\t<\/div>\n\t\t\t\t<\/div>\n\t\t\t\t\t<\/div>\n\t\t\t\t<\/div>\n\t\t\t\t<\/div>\n\t\t\t\t\t<\/div>\n\t\t\t\t<\/div>\n\t\t<div class=\"elementor-element elementor-element-194ca6b e-flex e-con-boxed e-con e-parent\" data-id=\"194ca6b\" data-element_type=\"container\" id=\"dot_section\">\n\t\t\t\t\t<div class=\"e-con-inner\">\n\t\t<div class=\"elementor-element elementor-element-f7a0a7e e-con-full e-flex e-con e-child\" data-id=\"f7a0a7e\" data-element_type=\"container\">\n\t\t\t\t<div class=\"elementor-element elementor-element-15099df exad-sticky-section-no exad-glass-effect-no elementor-widget elementor-widget-image\" data-id=\"15099df\" data-element_type=\"widget\" data-widget_type=\"image.default\">\n\t\t\t\t<div class=\"elementor-widget-container\">\n\t\t\t\t\t\t\t\t\t\t\t\t\t\t\t<img decoding=\"async\" width=\"800\" height=\"800\" src=\"https:\/\/www.makewonder.com\/wp-content\/uploads\/2023\/09\/dot-1024x1024.jpg\" class=\"attachment-large size-large wp-image-359\" alt=\"\" srcset=\"https:\/\/www.makewonder.com\/wp-content\/uploads\/2023\/09\/dot-1024x1024.jpg 1024w, https:\/\/www.makewonder.com\/wp-content\/uploads\/2023\/09\/dot-300x300.jpg 300w, https:\/\/www.makewonder.com\/wp-content\/uploads\/2023\/09\/dot-150x150.jpg 150w, https:\/\/www.makewonder.com\/wp-content\/uploads\/2023\/09\/dot-768x768.jpg 768w, https:\/\/www.makewonder.com\/wp-content\/uploads\/2023\/09\/dot-700x700.jpg 700w, https:\/\/www.makewonder.com\/wp-content\/uploads\/2023\/09\/dot.jpg 1080w\" sizes=\"(max-width: 800px) 100vw, 800px\" \/>\t\t\t\t\t\t\t\t\t\t\t\t\t\t\t<\/div>\n\t\t\t\t<\/div>\n\t\t\t\t<\/div>\n\t\t<div class=\"elementor-element elementor-element-3c0f59b e-con-full e-flex e-con e-child\" data-id=\"3c0f59b\" data-element_type=\"container\">\n\t\t<div class=\"elementor-element elementor-element-8116735 e-flex e-con-boxed e-con e-child\" data-id=\"8116735\" data-element_type=\"container\">\n\t\t\t\t\t<div class=\"e-con-inner\">\n\t\t\t\t<div class=\"elementor-element elementor-element-2baa5b2 exad-sticky-section-no exad-glass-effect-no elementor-widget elementor-widget-heading\" data-id=\"2baa5b2\" data-element_type=\"widget\" data-widget_type=\"heading.default\">\n\t\t\t\t<div class=\"elementor-widget-container\">\n\t\t\t\t\t<h2 class=\"elementor-heading-title elementor-size-default\">Dot<\/h2>\t\t\t\t<\/div>\n\t\t\t\t<\/div>\n\t\t\t\t<div class=\"elementor-element elementor-element-c3dc30d exad-sticky-section-no exad-glass-effect-no elementor-widget elementor-widget-text-editor\" data-id=\"c3dc30d\" data-element_type=\"widget\" data-widget_type=\"text-editor.default\">\n\t\t\t\t<div class=\"elementor-widget-container\">\n\t\t\t\t\t\t\t\t\t<p>Dash&#8217;s best friend from 2014-2023<\/p>\t\t\t\t\t\t\t\t<\/div>\n\t\t\t\t<\/div>\n\t\t\t\t\t<\/div>\n\t\t\t\t<\/div>\n\t\t\t\t<div class=\"elementor-element elementor-element-df60c66 exad-sticky-section-no exad-glass-effect-no elementor-widget elementor-widget-text-editor\" data-id=\"df60c66\" data-element_type=\"widget\" data-widget_type=\"text-editor.default\">\n\t\t\t\t<div class=\"elementor-widget-container\">\n\t\t\t\t\t\t\t\t\t<p>Since the early days, Dot has been by Dash&#8217;s side, a steady companion and sidekick. There was an exciting time in 2018 when Dot turned green and came with fancy clothes. And then we said goodbye to Dot in the spring of 2023. But Dot lives on in the virtual world! Dash and Dot hang out in their vibrant 3D environment inside of Blockly when your app is connected to a full Make Wonder subscription. So go say hi to Dot while learning lessons and solving challenges with Coding Pathways. <a href=\"https:\/\/wwmain.wpengine.com\/make-wonder\/\">Learn more about virtual Dash and Dot and the Make Wonder platform.<\/a><\/p>\t\t\t\t\t\t\t\t<\/div>\n\t\t\t\t<\/div>\n\t\t\t\t<\/div>\n\t\t\t\t\t<\/div>\n\t\t\t\t<\/div>\n\t\t<div class=\"elementor-element elementor-element-f6037c5 e-flex e-con-boxed e-con e-parent\" data-id=\"f6037c5\" data-element_type=\"container\" id=\"cue_section\">\n\t\t\t\t\t<div class=\"e-con-inner\">\n\t\t<div class=\"elementor-element elementor-element-31e36bb e-con-full e-flex e-con e-child\" data-id=\"31e36bb\" data-element_type=\"container\">\n\t\t\t\t<div class=\"elementor-element elementor-element-31329fe exad-sticky-section-no exad-glass-effect-no elementor-widget elementor-widget-image\" data-id=\"31329fe\" data-element_type=\"widget\" data-widget_type=\"image.default\">\n\t\t\t\t<div class=\"elementor-widget-container\">\n\t\t\t\t\t\t\t\t\t\t\t\t\t\t\t<img decoding=\"async\" width=\"800\" height=\"800\" src=\"https:\/\/www.makewonder.com\/wp-content\/uploads\/2023\/09\/cue_onyx_front_cmyk-1024x1024.jpg\" class=\"attachment-large size-large wp-image-348\" alt=\"\" srcset=\"https:\/\/www.makewonder.com\/wp-content\/uploads\/2023\/09\/cue_onyx_front_cmyk-1024x1024.jpg 1024w, https:\/\/www.makewonder.com\/wp-content\/uploads\/2023\/09\/cue_onyx_front_cmyk-300x300.jpg 300w, https:\/\/www.makewonder.com\/wp-content\/uploads\/2023\/09\/cue_onyx_front_cmyk-150x150.jpg 150w, https:\/\/www.makewonder.com\/wp-content\/uploads\/2023\/09\/cue_onyx_front_cmyk-768x768.jpg 768w, https:\/\/www.makewonder.com\/wp-content\/uploads\/2023\/09\/cue_onyx_front_cmyk-700x700.jpg 700w, https:\/\/www.makewonder.com\/wp-content\/uploads\/2023\/09\/cue_onyx_front_cmyk.jpg 1440w\" sizes=\"(max-width: 800px) 100vw, 800px\" \/>\t\t\t\t\t\t\t\t\t\t\t\t\t\t\t<\/div>\n\t\t\t\t<\/div>\n\t\t\t\t<\/div>\n\t\t<div class=\"elementor-element elementor-element-5b447cb e-con-full e-flex e-con e-child\" data-id=\"5b447cb\" data-element_type=\"container\">\n\t\t<div class=\"elementor-element elementor-element-c197675 e-flex e-con-boxed e-con e-child\" data-id=\"c197675\" data-element_type=\"container\">\n\t\t\t\t\t<div class=\"e-con-inner\">\n\t\t\t\t<div class=\"elementor-element elementor-element-4603edb exad-sticky-section-no exad-glass-effect-no elementor-widget elementor-widget-heading\" data-id=\"4603edb\" data-element_type=\"widget\" data-widget_type=\"heading.default\">\n\t\t\t\t<div class=\"elementor-widget-container\">\n\t\t\t\t\t<h2 class=\"elementor-heading-title elementor-size-default\">Cue<\/h2>\t\t\t\t<\/div>\n\t\t\t\t<\/div>\n\t\t\t\t<div class=\"elementor-element elementor-element-663b73c exad-sticky-section-no exad-glass-effect-no elementor-widget elementor-widget-text-editor\" data-id=\"663b73c\" data-element_type=\"widget\" data-widget_type=\"text-editor.default\">\n\t\t\t\t<div class=\"elementor-widget-container\">\n\t\t\t\t\t\t\t\t\t<p>A mighty robot, produced from 2018-2022<\/p>\t\t\t\t\t\t\t\t<\/div>\n\t\t\t\t<\/div>\n\t\t\t\t\t<\/div>\n\t\t\t\t<\/div>\n\t\t\t\t<div class=\"elementor-element elementor-element-3e45fe3 exad-sticky-section-no exad-glass-effect-no elementor-widget elementor-widget-text-editor\" data-id=\"3e45fe3\" data-element_type=\"widget\" data-widget_type=\"text-editor.default\">\n\t\t\t\t<div class=\"elementor-widget-container\">\n\t\t\t\t\t\t\t\t\t<p>Cue was designed for kids who are interested in learning how to code. Cue was a witty, entertaining robot with enhanced AI that took personality, interactive communication, and programming to a new level.\u00a0<\/p><p>Now that Cue is no longer available, Wonder Workshop has created Blockly Pro, so that students can transition to text-based coding while still programming Dash. <a href=\"https:\/\/makwonder.com\/make-wonder\">Learn more about how Make Wonder and Blockly Pro<\/a> take coding to a whole new level.<\/p>\t\t\t\t\t\t\t\t<\/div>\n\t\t\t\t<\/div>\n\t\t<div class=\"elementor-element elementor-element-ea08a76 e-flex e-con-boxed e-con e-child\" data-id=\"ea08a76\" data-element_type=\"container\">\n\t\t\t\t\t<div class=\"e-con-inner\">\n\t\t\t\t<div class=\"elementor-element elementor-element-f58b004 exad-sticky-section-no exad-glass-effect-no elementor-widget elementor-widget-button\" data-id=\"f58b004\" data-element_type=\"widget\" data-widget_type=\"button.default\">\n\t\t\t\t<div class=\"elementor-widget-container\">\n\t\t\t\t\t\t\t\t\t<div class=\"elementor-button-wrapper\">\n\t\t\t\t\t<a class=\"elementor-button elementor-button-link elementor-size-sm\" href=\"https:\/\/www.makewonder.com\/pt\/robots\/cue\/\">\n\t\t\t\t\t\t<span class=\"elementor-button-content-wrapper\">\n\t\t\t\t\t\t\t\t\t<span class=\"elementor-button-text\">Learn more about Cue<\/span>\n\t\t\t\t\t<\/span>\n\t\t\t\t\t<\/a>\n\t\t\t\t<\/div>\n\t\t\t\t\t\t\t\t<\/div>\n\t\t\t\t<\/div>\n\t\t\t\t\t<\/div>\n\t\t\t\t<\/div>\n\t\t\t\t<\/div>\n\t\t\t\t\t<\/div>\n\t\t\t\t<\/div>\n\t\t\t\t<\/div>","protected":false},"excerpt":{"rendered":"<p>Dash Dot Cue Dash The original STEM learning robot. Dash is beloved by kids and teachers across the US and around the world. Dash is smart enough to respond to voices and sounds and Dash can dance and sing, which makes for a fun and interactive learning experience for kids. Dash will help kids learn, [&hellip;]<\/p>","protected":false},"author":3,"featured_media":0,"parent":0,"menu_order":0,"comment_status":"closed","ping_status":"closed","template":"","meta":{"_acf_changed":false,"footnotes":""},"class_list":["post-611","page","type-page","status-publish","hentry"],"acf":[],"_links":{"self":[{"href":"https:\/\/www.makewonder.com\/pt\/wp-json\/wp\/v2\/pages\/611","targetHints":{"allow":["GET"]}}],"collection":[{"href":"https:\/\/www.makewonder.com\/pt\/wp-json\/wp\/v2\/pages"}],"about":[{"href":"https:\/\/www.makewonder.com\/pt\/wp-json\/wp\/v2\/types\/page"}],"author":[{"embeddable":true,"href":"https:\/\/www.makewonder.com\/pt\/wp-json\/wp\/v2\/users\/3"}],"replies":[{"embeddable":true,"href":"https:\/\/www.makewonder.com\/pt\/wp-json\/wp\/v2\/comments?post=611"}],"version-history":[{"count":0,"href":"https:\/\/www.makewonder.com\/pt\/wp-json\/wp\/v2\/pages\/611\/revisions"}],"wp:attachment":[{"href":"https:\/\/www.makewonder.com\/pt\/wp-json\/wp\/v2\/media?parent=611"}],"curies":[{"name":"wp","href":"https:\/\/api.w.org\/{rel}","templated":true}]}}